{"id":2,"date":"2025-04-26T11:04:12","date_gmt":"2025-04-26T09:04:12","guid":{"rendered":"https:\/\/wordpresstest.ddns.net\/?page_id=2"},"modified":"2025-05-09T16:47:08","modified_gmt":"2025-05-09T14:47:08","slug":"pagina-di-esempio","status":"publish","type":"page","link":"https:\/\/wordpresstest.ddns.net\/index.php\/pagina-di-esempio\/","title":{"rendered":"Pagina di esempio"},"content":{"rendered":"\n<p>Questa \u00e8 una pagina di esempio. Differisce da un articolo di un blog perch\u00e9 rimane sempre allo stesso posto e (in molti temi) appare nel menu di navigazione. Molte persone iniziano con una pagina di Informazioni che li presentano ai visitatori del sito. Potrebbe apparire una presentazione del tipo:<\/p>\n\n\n\n<blockquote class=\"wp-block-quote is-layout-flow wp-block-quote-is-layout-flow\">\n<p>Ciao! Sono un fattorino ciclista di giorno, aspirante attore di notte e questo \u00e8 il mio sito web. Vivo a Los Angeles, ho un grande cane di nome Jack e mi piace la pi\u00f1a colada. (E prendere la pioggia)<\/p>\n<\/blockquote>\n\n\n\n<p>&#8230;o qualcosa di simile:<\/p>\n\n\n\n<blockquote class=\"wp-block-quote is-layout-flow wp-block-quote-is-layout-flow\">\n<p>La Societ\u00e0 XYZ Aggeggi \u00e8 stata fondata nel 1971 e da allora fornisce al pubblico aggeggi di ottima qualit\u00e0. Situata a Fantasilandia, XYZ impiega oltre 2.000 persone e realizza ogni sorta di aggeggio fantastico per la comunit\u00e0 di Fantasilandia.<\/p>\n<\/blockquote>\n\n\n\n<p>Come nuovo utente di WordPress, dovresti andare nella tua <a href=\"https:\/\/wordpresstest.ddns.net\/wp-admin\/\">Bacheca<\/a> per eliminare questa pagina, e crearne delle nuove per i tuoi contenuti. Divertiti!<\/p>\n\n\n<div class=\"nix-rooms-list\"><div class=\"card mb-4\">  <div class=\"row no-gutters\">    <div class=\"col-md-6\">      <div id=\"gallery-room-3\" class=\"room-gallery p-3\">        <div class=\"main-image mb-3 text-center\">          <img decoding=\"async\" src=\"https:\/\/wordpresstest.ddns.net\/wp-content\/uploads\/2025\/05\/biloc1.jpg\" class=\"img-fluid\" id=\"main-img-3\">        <\/div>        <div class=\"d-flex justify-content-start flex-wrap\"><img decoding=\"async\" src=\"https:\/\/wordpresstest.ddns.net\/wp-content\/uploads\/2025\/05\/biloc1-150x150.jpg\" class=\"img-thumbnail mr-2 mb-2 thumb-img\" style=\"cursor:pointer; width:60px; height:60px;\" data-room=\"3\" data-large=\"https:\/\/wordpresstest.ddns.net\/wp-content\/uploads\/2025\/05\/biloc1.jpg\"><img decoding=\"async\" src=\"https:\/\/wordpresstest.ddns.net\/wp-content\/uploads\/2025\/05\/biloc2-150x150.jpg\" class=\"img-thumbnail mr-2 mb-2 thumb-img\" style=\"cursor:pointer; width:60px; height:60px;\" data-room=\"3\" data-large=\"https:\/\/wordpresstest.ddns.net\/wp-content\/uploads\/2025\/05\/biloc2.jpg\"><img decoding=\"async\" src=\"https:\/\/wordpresstest.ddns.net\/wp-content\/uploads\/2025\/05\/biloc3-150x150.jpg\" class=\"img-thumbnail mr-2 mb-2 thumb-img\" style=\"cursor:pointer; width:60px; height:60px;\" data-room=\"3\" data-large=\"https:\/\/wordpresstest.ddns.net\/wp-content\/uploads\/2025\/05\/biloc3.jpg\"><img decoding=\"async\" src=\"https:\/\/wordpresstest.ddns.net\/wp-content\/uploads\/2025\/05\/biloc4-150x150.jpg\" class=\"img-thumbnail mr-2 mb-2 thumb-img\" style=\"cursor:pointer; width:60px; height:60px;\" data-room=\"3\" data-large=\"https:\/\/wordpresstest.ddns.net\/wp-content\/uploads\/2025\/05\/biloc4.jpg\">        <\/div>      <\/div>    <\/div>    <div class=\"col-md-6\">      <div class=\"card-body\">        <h5 class=\"card-title\">Bilocale Delux<\/h5>    <p class=\"card-text\"><p>Appartamento con Piscina condivisa, WiFi e Aria condizionata. Struttura di 50Mq composta da soggiorno con divano letto, 1 camera da letto e 1 bagno pu\u00f2 ospitare fino a 3 persone. Nel residence \u00e8 disponibile una culla per bambini e una lavanderia. Parcheggio privato non custodito.<\/p>\n<\/p><hr><div class=\"align-bottom d-flex justify-content-between\"><span>Disponibili 3 unit\u00e0.<\/span><button class=\"btn btn-primary\" onclick=\"location.href=`\/cerca-camere`\">Prenota<\/button><\/div>      <\/div>    <\/div>  <\/div><\/div><div class=\"card mb-4\">  <div class=\"row no-gutters\">    <div class=\"col-md-6\">      <div id=\"gallery-room-2\" class=\"room-gallery p-3\">        <div class=\"main-image mb-3 text-center\">          <img decoding=\"async\" src=\"\" class=\"img-fluid\" id=\"main-img-2\">        <\/div>        <div class=\"d-flex justify-content-start flex-wrap\">        <\/div>      <\/div>    <\/div>    <div class=\"col-md-6\">      <div class=\"card-body\">        <h5 class=\"card-title\">Appartamento con Veranda<\/h5>    <p class=\"card-text\"><p>Composto da un soggiorno dove troverete un tavolo con sedie, parete attrezzata con tv, un divano , climatizzatore nelle camere da letto , frigo con congelatore, cucina e un bagno.<br \/>\nAll\u2019esterno c\u2019\u00e8 una piccola verandina con tavolo e sedie e barbecue in comune ad altri ospiti ed una piccola veranda dove poter stendere, lavatrici in comune.<br \/>\nAll\u2019interno della cucina troverete tutto l\u2019occorrente per cucinare (padelle, pentole e stoviglie).<\/p>\n<\/p><hr><div class=\"align-bottom d-flex justify-content-between\"><span>Disponibili 6 unit\u00e0.<\/span><button class=\"btn btn-primary\" onclick=\"location.href=`\/cerca-camere`\">Prenota<\/button><\/div>      <\/div>    <\/div>  <\/div><\/div><div class=\"card mb-4\">  <div class=\"row no-gutters\">    <div class=\"col-md-6\">      <div id=\"gallery-room-6\" class=\"room-gallery p-3\">        <div class=\"main-image mb-3 text-center\">          <img decoding=\"async\" src=\"https:\/\/wordpresstest.ddns.net\/wp-content\/uploads\/2025\/05\/biloc2.jpg\" class=\"img-fluid\" id=\"main-img-6\">        <\/div>        <div class=\"d-flex justify-content-start flex-wrap\"><img decoding=\"async\" src=\"https:\/\/wordpresstest.ddns.net\/wp-content\/uploads\/2025\/05\/biloc2-150x150.jpg\" class=\"img-thumbnail mr-2 mb-2 thumb-img\" style=\"cursor:pointer; width:60px; height:60px;\" data-room=\"6\" data-large=\"https:\/\/wordpresstest.ddns.net\/wp-content\/uploads\/2025\/05\/biloc2.jpg\">        <\/div>      <\/div>    <\/div>    <div class=\"col-md-6\">      <div class=\"card-body\">        <h5 class=\"card-title\">Appartamento<\/h5>    <p class=\"card-text\"><p>Composto da un soggiorno dove troverete un tavolo con sedie, parete attrezzata con tv, un divano , climatizzatore nelle camere da letto , frigo con congelatore, cucina e un bagno.<br \/>\nlavatrici in comune.<br \/>\nAll\u2019interno della cucina troverete tutto l\u2019occorrente per cucinare (padelle, pentole e stoviglie).<\/p>\n<\/p><hr><div class=\"align-bottom d-flex justify-content-between\"><span>Disponibili 6 unit\u00e0.<\/span><button class=\"btn btn-primary\" onclick=\"location.href=`\/cerca-camere`\">Prenota<\/button><\/div>      <\/div>    <\/div>  <\/div><\/div><div class=\"card mb-4\">  <div class=\"row no-gutters\">    <div class=\"col-md-6\">      <div id=\"gallery-room-1\" class=\"room-gallery p-3\">        <div class=\"main-image mb-3 text-center\">          <img decoding=\"async\" src=\"\" class=\"img-fluid\" id=\"main-img-1\">        <\/div>        <div class=\"d-flex justify-content-start flex-wrap\">        <\/div>      <\/div>    <\/div>    <div class=\"col-md-6\">      <div class=\"card-body\">        <h5 class=\"card-title\">Camera Matrimoniale<\/h5>    <p class=\"card-text\"><p>Ideale per coppie alla ricerca di una vacanza rilassante a due passi dal cuore della citt\u00e0 .<br \/>\nLa stanza dispone di un bagno privato con doccia, asciugacapelli e kit di cortesia. Lavatrici in comune..<br \/>\nWifi, Tv, frigo, Aria Condizionata , Piscina in comune. COLAZIONE INCLUSA!<\/p>\n<\/p><hr><div class=\"align-bottom d-flex justify-content-between\"><span>Disponibili 4 unit\u00e0.<\/span><button class=\"btn btn-primary\" onclick=\"location.href=`\/cerca-camere`\">Prenota<\/button><\/div>      <\/div>    <\/div>  <\/div><\/div><\/div><script>\r\n        document.addEventListener(\"DOMContentLoaded\", function() {\r\n            const thumbs = document.querySelectorAll(\".thumb-img\");\r\n            thumbs.forEach(function(thumb) {\r\n                thumb.addEventListener(\"click\", function() {\r\n                    const roomId = this.getAttribute(\"data-room\");\r\n                    const largeSrc = this.getAttribute(\"data-large\");\r\n                    const mainImg = document.getElementById(\"main-img-\" + roomId);\r\n                    if ( mainImg ) {\r\n                        mainImg.setAttribute(\"src\", largeSrc);\r\n                    }\r\n                });\r\n            });\r\n        });\r\n        <\/script>\n","protected":false},"excerpt":{"rendered":"<p>Questa \u00e8 una pagina di esempio. Differisce da un articolo di un blog perch\u00e9 rimane sempre allo stesso posto e (in molti temi) appare nel menu di navigazione. Molte persone iniziano con una pagina di Informazioni che li presentano ai visitatori del sito. Potrebbe apparire una presentazione del tipo: Ciao! Sono un fattorino ciclista di [&hellip;]<\/p>\n","protected":false},"author":1,"featured_media":0,"parent":0,"menu_order":0,"comment_status":"closed","ping_status":"open","template":"","meta":{"footnotes":""},"class_list":["post-2","page","type-page","status-publish","hentry"],"_links":{"self":[{"href":"https:\/\/wordpresstest.ddns.net\/index.php\/wp-json\/wp\/v2\/pages\/2","targetHints":{"allow":["GET"]}}],"collection":[{"href":"https:\/\/wordpresstest.ddns.net\/index.php\/wp-json\/wp\/v2\/pages"}],"about":[{"href":"https:\/\/wordpresstest.ddns.net\/index.php\/wp-json\/wp\/v2\/types\/page"}],"author":[{"embeddable":true,"href":"https:\/\/wordpresstest.ddns.net\/index.php\/wp-json\/wp\/v2\/users\/1"}],"replies":[{"embeddable":true,"href":"https:\/\/wordpresstest.ddns.net\/index.php\/wp-json\/wp\/v2\/comments?post=2"}],"version-history":[{"count":1,"href":"https:\/\/wordpresstest.ddns.net\/index.php\/wp-json\/wp\/v2\/pages\/2\/revisions"}],"predecessor-version":[{"id":19,"href":"https:\/\/wordpresstest.ddns.net\/index.php\/wp-json\/wp\/v2\/pages\/2\/revisions\/19"}],"wp:attachment":[{"href":"https:\/\/wordpresstest.ddns.net\/index.php\/wp-json\/wp\/v2\/media?parent=2"}],"curies":[{"name":"wp","href":"https:\/\/api.w.org\/{rel}","templated":true}]}}